{"id":1638,"date":"2022-10-10T13:09:54","date_gmt":"2022-10-10T13:09:54","guid":{"rendered":"http:\/\/www.leisure-business-reiseorganisation.com\/turkce\/?page_id=1638"},"modified":"2022-10-25T11:00:53","modified_gmt":"2022-10-25T11:00:53","slug":"hakkimizda","status":"publish","type":"page","link":"https:\/\/www.leisure-business-reiseorganisation.com\/turkce\/hakkimizda\/","title":{"rendered":"Hakk\u0131m\u0131zda"},"content":{"rendered":"\t\t<div data-elementor-type=\"wp-post\" data-elementor-id=\"1638\" class=\"elementor elementor-1638\">\n\t\t\t\t\t\t\t\t\t<section class=\"elementor-section elementor-top-section elementor-element elementor-element-3dbbe88 elementor-section-content-middle elementor-section-boxed elementor-section-height-default elementor-section-height-default\" data-id=\"3dbbe88\" data-element_type=\"section\" data-settings=\"{&quot;background_background&quot;:&quot;classic&quot;}\">\n\t\t\t\t\t\t<div class=\"elementor-container elementor-column-gap-wide\">\n\t\t\t\t\t<div class=\"elementor-column elementor-col-50 elementor-top-column elementor-element elementor-element-85735a1 animated-slow\" data-id=\"85735a1\" data-element_type=\"column\" data-settings=\"{&quot;animation&quot;:&quot;none&quot;,&quot;animation_delay&quot;:400}\">\n\t\t\t<div class=\"elementor-widget-wrap elementor-element-populated\">\n\t\t\t\t\t\t\t\t<div class=\"elementor-element elementor-element-723a1ae elementor-widget elementor-widget-heading\" data-id=\"723a1ae\" data-element_type=\"widget\" data-settings=\"{&quot;_animation&quot;:&quot;none&quot;,&quot;_animation_mobile&quot;:&quot;none&quot;}\" data-widget_type=\"heading.default\">\n\t\t\t\t<div class=\"elementor-widget-container\">\n\t\t\t<style>\/*! elementor - v3.7.8 - 02-10-2022 *\/\n.elementor-heading-title{padding:0;margin:0;line-height:1}.elementor-widget-heading .elementor-heading-title[class*=elementor-size-]>a{color:inherit;font-size:inherit;line-height:inherit}.elementor-widget-heading .elementor-heading-title.elementor-size-small{font-size:15px}.elementor-widget-heading .elementor-heading-title.elementor-size-medium{font-size:19px}.elementor-widget-heading .elementor-heading-title.elementor-size-large{font-size:29px}.elementor-widget-heading .elementor-heading-title.elementor-size-xl{font-size:39px}.elementor-widget-heading .elementor-heading-title.elementor-size-xxl{font-size:59px}<\/style><h2 class=\"elementor-heading-title elementor-size-default\">Leisure & Business Hakk\u0131nda<\/h2>\t\t<\/div>\n\t\t\t\t<\/div>\n\t\t\t\t\t<\/div>\n\t\t<\/div>\n\t\t\t\t<div class=\"elementor-column elementor-col-50 elementor-top-column elementor-element elementor-element-01257de\" data-id=\"01257de\" data-element_type=\"column\">\n\t\t\t<div class=\"elementor-widget-wrap elementor-element-populated\">\n\t\t\t\t\t\t\t\t<div class=\"elementor-element elementor-element-36efcc8 elementor-widget elementor-widget-text-editor\" data-id=\"36efcc8\" data-element_type=\"widget\" data-widget_type=\"text-editor.default\">\n\t\t\t\t<div class=\"elementor-widget-container\">\n\t\t\t<style>\/*! elementor - v3.7.8 - 02-10-2022 *\/\n.elementor-widget-text-editor.elementor-drop-cap-view-stacked .elementor-drop-cap{background-color:#818a91;color:#fff}.elementor-widget-text-editor.elementor-drop-cap-view-framed .elementor-drop-cap{color:#818a91;border:3px solid;background-color:transparent}.elementor-widget-text-editor:not(.elementor-drop-cap-view-default) .elementor-drop-cap{margin-top:8px}.elementor-widget-text-editor:not(.elementor-drop-cap-view-default) .elementor-drop-cap-letter{width:1em;height:1em}.elementor-widget-text-editor .elementor-drop-cap{float:left;text-align:center;line-height:1;font-size:50px}.elementor-widget-text-editor .elementor-drop-cap-letter{display:inline-block}<\/style>\t\t\t\t<p>30 y\u0131l\u0131 a\u015fk\u0131nd\u0131r, \u00f6nce T\u00fcrkiye\u00b4de sonra 2002 y\u0131l\u0131ndan beri Almanya\u00b4da hizmet verdi\u011fimiz sekt\u00f6rde her zaman m\u00fckemmeli hedefledik. Ekip\u00e7e ili\u015fkilerimizde profesyonelli\u011fi, d\u00fcr\u00fcstl\u00fc\u011f\u00fc; i\u015flerimizde ise tak\u0131m ruhunu kendimize prensip edindik.<\/p>\t\t\t\t\t\t<\/div>\n\t\t\t\t<\/div>\n\t\t\t\t\t<\/div>\n\t\t<\/div>\n\t\t\t\t\t\t\t<\/div>\n\t\t<\/section>\n\t\t\t\t<section class=\"elementor-section elementor-top-section elementor-element elementor-element-05d648e elementor-section-content-middle elementor-section-stretched elementor-section-full_width elementor-section-height-default elementor-section-height-default\" data-id=\"05d648e\" data-element_type=\"section\" data-settings=\"{&quot;background_background&quot;:&quot;classic&quot;,&quot;stretch_section&quot;:&quot;section-stretched&quot;}\">\n\t\t\t\t\t\t<div class=\"elementor-container elementor-column-gap-no\">\n\t\t\t\t\t<div class=\"elementor-column elementor-col-100 elementor-top-column elementor-element elementor-element-3701a8a\" data-id=\"3701a8a\" data-element_type=\"column\">\n\t\t\t<div class=\"elementor-widget-wrap elementor-element-populated\">\n\t\t\t\t\t\t\t\t<div class=\"elementor-element elementor-element-7815809 elementor-hidden-mobile elementor-widget elementor-widget-image\" data-id=\"7815809\" data-element_type=\"widget\" data-widget_type=\"image.default\">\n\t\t\t\t<div class=\"elementor-widget-container\">\n\t\t\t<style>\/*! elementor - v3.7.8 - 02-10-2022 *\/\n.elementor-widget-image{text-align:center}.elementor-widget-image a{display:inline-block}.elementor-widget-image a img[src$=\".svg\"]{width:48px}.elementor-widget-image img{vertical-align:middle;display:inline-block}<\/style>\t\t\t\t\t\t\t\t\t\t\t\t<img width=\"2000\" height=\"832\" src=\"https:\/\/www.leisure-business-reiseorganisation.com\/turkce\/wp-content\/uploads\/2022\/10\/leisure-and-business-puzzle-about-hakkimizda-dt.jpg\" class=\"attachment-full size-full\" alt=\"\" loading=\"lazy\" srcset=\"https:\/\/www.leisure-business-reiseorganisation.com\/turkce\/wp-content\/uploads\/2022\/10\/leisure-and-business-puzzle-about-hakkimizda-dt.jpg 2000w, https:\/\/www.leisure-business-reiseorganisation.com\/turkce\/wp-content\/uploads\/2022\/10\/leisure-and-business-puzzle-about-hakkimizda-dt-768x319.jpg 768w, https:\/\/www.leisure-business-reiseorganisation.com\/turkce\/wp-content\/uploads\/2022\/10\/leisure-and-business-puzzle-about-hakkimizda-dt-1536x639.jpg 1536w\" sizes=\"(max-width: 2000px) 100vw, 2000px\" \/>\t\t\t\t\t\t\t\t\t\t\t\t\t\t\t<\/div>\n\t\t\t\t<\/div>\n\t\t\t\t<div class=\"elementor-element elementor-element-b08b53f elementor-hidden-desktop elementor-hidden-tablet elementor-widget elementor-widget-image\" data-id=\"b08b53f\" data-element_type=\"widget\" data-settings=\"{&quot;_animation_mobile&quot;:&quot;none&quot;}\" data-widget_type=\"image.default\">\n\t\t\t\t<div class=\"elementor-widget-container\">\n\t\t\t\t\t\t\t\t\t\t\t\t\t\t\t<img width=\"1000\" height=\"767\" src=\"https:\/\/www.leisure-business-reiseorganisation.com\/turkce\/wp-content\/uploads\/2022\/10\/leisure-and-business-puzzle-about-hakkimizda-mobile.jpg\" class=\"attachment-full size-full\" alt=\"\" loading=\"lazy\" srcset=\"https:\/\/www.leisure-business-reiseorganisation.com\/turkce\/wp-content\/uploads\/2022\/10\/leisure-and-business-puzzle-about-hakkimizda-mobile.jpg 1000w, https:\/\/www.leisure-business-reiseorganisation.com\/turkce\/wp-content\/uploads\/2022\/10\/leisure-and-business-puzzle-about-hakkimizda-mobile-768x589.jpg 768w\" sizes=\"(max-width: 1000px) 100vw, 1000px\" \/>\t\t\t\t\t\t\t\t\t\t\t\t\t\t\t<\/div>\n\t\t\t\t<\/div>\n\t\t\t\t\t<\/div>\n\t\t<\/div>\n\t\t\t\t\t\t\t<\/div>\n\t\t<\/section>\n\t\t\t\t<section class=\"elementor-section elementor-top-section elementor-element elementor-element-e05f942 elementor-section-content-middle elementor-section-boxed elementor-section-height-default elementor-section-height-default\" data-id=\"e05f942\" data-element_type=\"section\" data-settings=\"{&quot;background_background&quot;:&quot;classic&quot;}\">\n\t\t\t\t\t\t<div class=\"elementor-container elementor-column-gap-wide\">\n\t\t\t\t\t<div class=\"elementor-column elementor-col-50 elementor-top-column elementor-element elementor-element-41b992d\" data-id=\"41b992d\" data-element_type=\"column\">\n\t\t\t<div class=\"elementor-widget-wrap elementor-element-populated\">\n\t\t\t\t\t\t\t\t<div class=\"elementor-element elementor-element-5b0ccd8 elementor-widget elementor-widget-heading\" data-id=\"5b0ccd8\" data-element_type=\"widget\" data-settings=\"{&quot;_animation&quot;:&quot;none&quot;,&quot;_animation_mobile&quot;:&quot;none&quot;}\" data-widget_type=\"heading.default\">\n\t\t\t\t<div class=\"elementor-widget-container\">\n\t\t\t<h2 class=\"elementor-heading-title elementor-size-default\">Faaliyet Alanlar\u0131m\u0131z<\/h2>\t\t<\/div>\n\t\t\t\t<\/div>\n\t\t\t\t\t<\/div>\n\t\t<\/div>\n\t\t\t\t<div class=\"elementor-column elementor-col-50 elementor-top-column elementor-element elementor-element-a162645\" data-id=\"a162645\" data-element_type=\"column\">\n\t\t\t<div class=\"elementor-widget-wrap elementor-element-populated\">\n\t\t\t\t\t\t\t\t<div class=\"elementor-element elementor-element-400fe65 elementor-widget elementor-widget-text-editor\" data-id=\"400fe65\" data-element_type=\"widget\" data-widget_type=\"text-editor.default\">\n\t\t\t\t<div class=\"elementor-widget-container\">\n\t\t\t\t\t\t\t<p>Hizmet verdi\u011fimiz her bir firman\u0131n ve bireyin beklentilerini kendi seyahat tecr\u00fcbemizle harmanlay\u0131p misafirlerimizin d\u00fc\u015fledikleri seyahati ya\u015famalar\u0131na f\u0131rsat sunduk; bu sayede y\u0131llar i\u00e7inde takdir ve tavsiye edilen bir firma olduk.<\/p><p>Onca zaman i\u00e7inde ger\u00e7ekle\u015ftirdi\u011fimiz say\u0131s\u0131z organizasyonun ve misafirlerimizle kurdu\u011fumuz g\u00fc\u00e7l\u00fc ili\u015fkilerin gelecekteki yeni misafirlerimizle kuraca\u011f\u0131m\u0131z dostluklarda kendimizi anlatman\u0131n en ve tek do\u011fru yolu oldu\u011funa inand\u0131k hep.<\/p>\t\t\t\t\t\t<\/div>\n\t\t\t\t<\/div>\n\t\t\t\t\t<\/div>\n\t\t<\/div>\n\t\t\t\t\t\t\t<\/div>\n\t\t<\/section>\n\t\t\t\t<section class=\"elementor-section elementor-top-section elementor-element elementor-element-5ab2b35 elementor-section-content-middle elementor-section-stretched elementor-section-full_width elementor-section-height-default elementor-section-height-default\" data-id=\"5ab2b35\" data-element_type=\"section\" data-settings=\"{&quot;background_background&quot;:&quot;classic&quot;,&quot;stretch_section&quot;:&quot;section-stretched&quot;}\">\n\t\t\t\t\t\t<div class=\"elementor-container elementor-column-gap-no\">\n\t\t\t\t\t<div class=\"elementor-column elementor-col-100 elementor-top-column elementor-element elementor-element-c743439\" data-id=\"c743439\" data-element_type=\"column\">\n\t\t\t<div class=\"elementor-widget-wrap elementor-element-populated\">\n\t\t\t\t\t\t\t\t<div class=\"elementor-element elementor-element-b6ac79a elementor-hidden-mobile elementor-widget elementor-widget-image\" data-id=\"b6ac79a\" data-element_type=\"widget\" data-widget_type=\"image.default\">\n\t\t\t\t<div class=\"elementor-widget-container\">\n\t\t\t\t\t\t\t\t\t\t\t\t\t\t\t<img width=\"2000\" height=\"1082\" src=\"https:\/\/www.leisure-business-reiseorganisation.com\/turkce\/wp-content\/uploads\/2022\/10\/leisure-and-business-puzzle-about-hakkimizda2-dt.jpg\" class=\"attachment-full size-full\" alt=\"\" loading=\"lazy\" srcset=\"https:\/\/www.leisure-business-reiseorganisation.com\/turkce\/wp-content\/uploads\/2022\/10\/leisure-and-business-puzzle-about-hakkimizda2-dt.jpg 2000w, https:\/\/www.leisure-business-reiseorganisation.com\/turkce\/wp-content\/uploads\/2022\/10\/leisure-and-business-puzzle-about-hakkimizda2-dt-768x415.jpg 768w, https:\/\/www.leisure-business-reiseorganisation.com\/turkce\/wp-content\/uploads\/2022\/10\/leisure-and-business-puzzle-about-hakkimizda2-dt-1536x831.jpg 1536w\" sizes=\"(max-width: 2000px) 100vw, 2000px\" \/>\t\t\t\t\t\t\t\t\t\t\t\t\t\t\t<\/div>\n\t\t\t\t<\/div>\n\t\t\t\t<div class=\"elementor-element elementor-element-4f82402 elementor-hidden-desktop elementor-hidden-tablet elementor-widget elementor-widget-image\" data-id=\"4f82402\" data-element_type=\"widget\" data-widget_type=\"image.default\">\n\t\t\t\t<div class=\"elementor-widget-container\">\n\t\t\t\t\t\t\t\t\t\t\t\t\t\t\t<img width=\"1000\" height=\"772\" src=\"https:\/\/www.leisure-business-reiseorganisation.com\/turkce\/wp-content\/uploads\/2022\/10\/leisure-and-business-puzzle-about-hakkimizda2-mobile.jpg\" class=\"attachment-full size-full\" alt=\"\" loading=\"lazy\" srcset=\"https:\/\/www.leisure-business-reiseorganisation.com\/turkce\/wp-content\/uploads\/2022\/10\/leisure-and-business-puzzle-about-hakkimizda2-mobile.jpg 1000w, https:\/\/www.leisure-business-reiseorganisation.com\/turkce\/wp-content\/uploads\/2022\/10\/leisure-and-business-puzzle-about-hakkimizda2-mobile-768x593.jpg 768w\" sizes=\"(max-width: 1000px) 100vw, 1000px\" \/>\t\t\t\t\t\t\t\t\t\t\t\t\t\t\t<\/div>\n\t\t\t\t<\/div>\n\t\t\t\t\t<\/div>\n\t\t<\/div>\n\t\t\t\t\t\t\t<\/div>\n\t\t<\/section>\n\t\t\t\t<section class=\"elementor-section elementor-top-section elementor-element elementor-element-48ebdae elementor-section-content-top elementor-section-boxed elementor-section-height-default elementor-section-height-default\" data-id=\"48ebdae\" data-element_type=\"section\">\n\t\t\t\t\t\t<div class=\"elementor-container elementor-column-gap-wide\">\n\t\t\t\t\t<div class=\"elementor-column elementor-col-50 elementor-top-column elementor-element elementor-element-c46c77b\" data-id=\"c46c77b\" data-element_type=\"column\">\n\t\t\t<div class=\"elementor-widget-wrap elementor-element-populated\">\n\t\t\t\t\t\t\t\t<div class=\"elementor-element elementor-element-02fac5b elementor-widget elementor-widget-spacer\" data-id=\"02fac5b\" data-element_type=\"widget\" data-widget_type=\"spacer.default\">\n\t\t\t\t<div class=\"elementor-widget-container\">\n\t\t\t<style>\/*! elementor - v3.7.8 - 02-10-2022 *\/\n.elementor-column .elementor-spacer-inner{height:var(--spacer-size)}.e-container{--container-widget-width:100%}.e-container>.elementor-widget-spacer{width:var(--container-widget-width,var(--spacer-size));-ms-flex-item-align:stretch;align-self:stretch;-ms-flex-negative:0;flex-shrink:0}.e-container>.elementor-widget-spacer>.elementor-widget-container,.e-container>.elementor-widget-spacer>.elementor-widget-container>.elementor-spacer{height:100%}.e-container>.elementor-widget-spacer>.elementor-widget-container>.elementor-spacer>.elementor-spacer-inner{height:var(--container-widget-height,var(--spacer-size))}<\/style>\t\t<div class=\"elementor-spacer\">\n\t\t\t<div class=\"elementor-spacer-inner\"><\/div>\n\t\t<\/div>\n\t\t\t\t<\/div>\n\t\t\t\t<\/div>\n\t\t\t\t<div class=\"elementor-element elementor-element-c575561 animated-slow elementor-invisible elementor-widget elementor-widget-heading\" data-id=\"c575561\" data-element_type=\"widget\" data-settings=\"{&quot;_animation&quot;:&quot;fadeIn&quot;,&quot;_animation_mobile&quot;:&quot;fadeInDown&quot;}\" data-widget_type=\"heading.default\">\n\t\t\t\t<div class=\"elementor-widget-container\">\n\t\t\t<h2 class=\"elementor-heading-title elementor-size-default\">Bizimle ileti\u015fime ge\u00e7in!<\/h2>\t\t<\/div>\n\t\t\t\t<\/div>\n\t\t\t\t\t<\/div>\n\t\t<\/div>\n\t\t\t\t<div class=\"elementor-column elementor-col-50 elementor-top-column elementor-element elementor-element-7b03361\" data-id=\"7b03361\" data-element_type=\"column\">\n\t\t\t<div class=\"elementor-widget-wrap elementor-element-populated\">\n\t\t\t\t\t\t\t\t<div class=\"elementor-element elementor-element-7a29af8 elementor-widget elementor-widget-text-editor\" data-id=\"7a29af8\" data-element_type=\"widget\" data-widget_type=\"text-editor.default\">\n\t\t\t\t<div class=\"elementor-widget-container\">\n\t\t\t\t\t\t\t<p>Profesyonel Leisure &amp; Business \u00e7\u00f6z\u00fcmleri hakk\u0131nda ayr\u0131nt\u0131l\u0131 bilgi almak i\u00e7in bizi +49 (0) 511 72 49 491 numaral\u0131 telefondan aray\u0131n ya da bize WhatsApp&#8217;tan yaz\u0131n!<\/p>\t\t\t\t\t\t<\/div>\n\t\t\t\t<\/div>\n\t\t\t\t<div class=\"elementor-element elementor-element-4753d20 elementor-widget__width-initial elementor-widget-tablet__width-initial elementor-widget elementor-widget-html\" data-id=\"4753d20\" data-element_type=\"widget\" data-settings=\"{&quot;_animation_mobile&quot;:&quot;fadeInDown&quot;}\" data-widget_type=\"html.default\">\n\t\t\t\t<div class=\"elementor-widget-container\">\n\t\t\t<a href=\"https:\/\/wa.me\/4917684544931?text=Merhaba. Leisure & Business \u00e7\u00f6z\u00fcmleri hakk\u0131nda bilgi almak istiyorum.\" target=\"_blank\"><img src=\"https:\/\/www.leisure-business-reiseorganisation.com\/turkce\/wp-content\/uploads\/2022\/10\/leisure-and-business-whatsapp-buton.png\"\/><\/a>\t\t<\/div>\n\t\t\t\t<\/div>\n\t\t\t\t\t<\/div>\n\t\t<\/div>\n\t\t\t\t\t\t\t<\/div>\n\t\t<\/section>\n\t\t\t\t\t\t\t<\/div>\n\t\t","protected":false},"excerpt":{"rendered":"<p>Leisure &#038; Business Hakk\u0131nda 30 y\u0131l\u0131 a\u015fk\u0131nd\u0131r, \u00f6nce T\u00fcrkiye\u00b4de sonra 2002 y\u0131l\u0131ndan beri Almanya\u00b4da hizmet verdi\u011fimiz sekt\u00f6rde her zaman m\u00fckemmeli hedefledik. Ekip\u00e7e ili\u015fkilerimizde profesyonelli\u011fi, d\u00fcr\u00fcstl\u00fc\u011f\u00fc; i\u015flerimizde ise tak\u0131m ruhunu kendimize prensip edindik. Faaliyet Alanlar\u0131m\u0131z Hizmet verdi\u011fimiz her bir firman\u0131n ve bireyin beklentilerini kendi seyahat tecr\u00fcbemizle harmanlay\u0131p misafirlerimizin d\u00fc\u015fledikleri seyahati ya\u015famalar\u0131na f\u0131rsat sunduk; bu sayede y\u0131llar &hellip;<\/p>\n<p class=\"read-more\"> <a class=\"\" href=\"https:\/\/www.leisure-business-reiseorganisation.com\/turkce\/hakkimizda\/\"> <span class=\"screen-reader-text\">Hakk\u0131m\u0131zda<\/span> Devam\u0131 &raquo;<\/a><\/p>\n","protected":false},"author":1,"featured_media":191,"parent":0,"menu_order":0,"comment_status":"closed","ping_status":"closed","template":"","meta":{"site-sidebar-layout":"no-sidebar","site-content-layout":"page-builder","ast-global-header-display":"","ast-main-header-display":"","ast-hfb-above-header-display":"","ast-hfb-below-header-display":"","ast-hfb-mobile-header-display":"","site-post-title":"disabled","ast-breadcrumbs-content":"","ast-featured-img":"disabled","footer-sml-layout":"","theme-transparent-header-meta":"","adv-header-id-meta":"","stick-header-meta":"","header-above-stick-meta":"","header-main-stick-meta":"","header-below-stick-meta":""},"_links":{"self":[{"href":"https:\/\/www.leisure-business-reiseorganisation.com\/turkce\/wp-json\/wp\/v2\/pages\/1638"}],"collection":[{"href":"https:\/\/www.leisure-business-reiseorganisation.com\/turkce\/wp-json\/wp\/v2\/pages"}],"about":[{"href":"https:\/\/www.leisure-business-reiseorganisation.com\/turkce\/wp-json\/wp\/v2\/types\/page"}],"author":[{"embeddable":true,"href":"https:\/\/www.leisure-business-reiseorganisation.com\/turkce\/wp-json\/wp\/v2\/users\/1"}],"replies":[{"embeddable":true,"href":"https:\/\/www.leisure-business-reiseorganisation.com\/turkce\/wp-json\/wp\/v2\/comments?post=1638"}],"version-history":[{"count":0,"href":"https:\/\/www.leisure-business-reiseorganisation.com\/turkce\/wp-json\/wp\/v2\/pages\/1638\/revisions"}],"wp:featuredmedia":[{"embeddable":true,"href":"https:\/\/www.leisure-business-reiseorganisation.com\/turkce\/wp-json\/wp\/v2\/media\/191"}],"wp:attachment":[{"href":"https:\/\/www.leisure-business-reiseorganisation.com\/turkce\/wp-json\/wp\/v2\/media?parent=1638"}],"curies":[{"name":"wp","href":"https:\/\/api.w.org\/{rel}","templated":true}]}}